{"id":14,"date":"2016-09-11T14:34:48","date_gmt":"2016-09-11T12:34:48","guid":{"rendered":"http:\/\/www.viennacookingtours.at\/?page_id=14"},"modified":"2017-07-19T20:00:37","modified_gmt":"2017-07-19T18:00:37","slug":"impressum","status":"publish","type":"page","link":"https:\/\/www.viennacookingtours.at\/?page_id=14","title":{"rendered":"Impressum"},"content":{"rendered":"<p>ANDREA CLAUDIA BECK, B.A. (U.B.C.)<\/p>\n<p>Adresse: A &#8211; 1030 Wien Tel: +43 \/69917184761 E-Mail: andrea@viennacookingtours.at<\/p>\n<p>UID-Nummer: ATU 56627626<\/p>\n<p>Gerichtsstand: Wien<\/p>\n<p>Einzelunternehmen<\/p>\n<p><b>Vertragsbedingungen:<\/b><\/p>\n<p>Um im Vorfeld allen Missvert\u00e4ndnissen vorzubeugen, bitten wir zu beachten, dass Touren generell erst dann als gebucht gelten, wenn der Rechnungsbetrag bei uns eingelangt ist. Sollte eine Rechnung bis zum letztm\u00f6glichen kostenlosen Stornotermin (siehe Stornobedingungen) nicht beglichen werden, behalten wir uns das Recht vor, die Buchung zu stornieren. <b> <\/b><\/p>\n<p><b>Stornobedingungen: <\/b><\/p>\n<p>Der Kunde ist K\u00f6nig! Deswegen m\u00f6chten wir den Ablauf so unb\u00fcrokratisch wie m\u00f6glich halten. Aus Organisationsgr\u00fcnden m\u00fcssen wir aber vorab einige Regeln installieren.<\/p>\n<p>&#8222;Vienna Cooking Tours&#8220;:<\/p>\n<p>Gruppen bis zu sechs Personen Komplettstorno bis 2 Tage vor dem gebuchten Termin.<\/p>\n<p>Gruppen ab sechs Personen:<\/p>\n<p>14 Tage vor dem gebuchten Termin50% Stornogeb\u00fchr.<\/p>\n<p>13 &#8211; 7 Tage vor dem gebuchten Termin: 75% Stornogeb\u00fch.<\/p>\n<p>ab 6 Tage vor dem gebuchten Termin: 100% Stornogeb\u00fchr. <b> <\/b><\/p>\n<p><b>Fakten und Zahlen: <\/b><\/p>\n<p>Mindestteilnehmer: 1 Person<\/p>\n<p>Maximale Teilnehmerzahl: 50 Personen<\/p>\n<p>Termine nach Vereinbarung. Vorausbuchung dringend notwendig.<\/p>\n<p><b>Gerichtsstand: <\/b>Wien<\/p>\n<p>Mitglied der Wirtschaftskammer Wien, Fachgruppe Werbung<\/p>\n","protected":false},"excerpt":{"rendered":"<p>ANDREA CLAUDIA BECK, B.A. (U.B.C.) Adresse: A &#8211; 1030 Wien Tel: +43 \/69917184761 E-Mail: andrea@viennacookingtours.at UID-Nummer: ATU 56627626 Gerichtsstand: Wien Einzelunternehmen Vertragsbedingungen: Um im Vorfeld allen Missvert\u00e4ndnissen vorzubeugen, bitten wir zu beachten, dass Touren generell erst dann als gebucht gelten, wenn der Rechnungsbetrag bei uns eingelangt ist. Sollte eine Rechnung bis zum letztm\u00f6glichen kostenlosen Stornotermin &hellip; <a href=\"https:\/\/www.viennacookingtours.at\/?page_id=14\" class=\"more-link\"><span class=\"screen-reader-text\">&#8222;Impressum&#8220; <\/span>weiterlesen<\/a><\/p>\n","protected":false},"author":1,"featured_media":0,"parent":0,"menu_order":0,"comment_status":"closed","ping_status":"closed","template":"","meta":{"footnotes":""},"class_list":["post-14","page","type-page","status-publish","hentry"],"aioseo_notices":[],"amp_enabled":true,"_links":{"self":[{"href":"https:\/\/www.viennacookingtours.at\/index.php?rest_route=\/wp\/v2\/pages\/14","targetHints":{"allow":["GET"]}}],"collection":[{"href":"https:\/\/www.viennacookingtours.at\/index.php?rest_route=\/wp\/v2\/pages"}],"about":[{"href":"https:\/\/www.viennacookingtours.at\/index.php?rest_route=\/wp\/v2\/types\/page"}],"author":[{"embeddable":true,"href":"https:\/\/www.viennacookingtours.at\/index.php?rest_route=\/wp\/v2\/users\/1"}],"replies":[{"embeddable":true,"href":"https:\/\/www.viennacookingtours.at\/index.php?rest_route=%2Fwp%2Fv2%2Fcomments&post=14"}],"version-history":[{"count":10,"href":"https:\/\/www.viennacookingtours.at\/index.php?rest_route=\/wp\/v2\/pages\/14\/revisions"}],"predecessor-version":[{"id":148,"href":"https:\/\/www.viennacookingtours.at\/index.php?rest_route=\/wp\/v2\/pages\/14\/revisions\/148"}],"wp:attachment":[{"href":"https:\/\/www.viennacookingtours.at\/index.php?rest_route=%2Fwp%2Fv2%2Fmedia&parent=14"}],"curies":[{"name":"wp","href":"https:\/\/api.w.org\/{rel}","templated":true}]}}